{"id":153,"date":"2021-05-18T01:54:59","date_gmt":"2021-05-18T01:54:59","guid":{"rendered":"http:\/\/chokairilawfirm.com\/index.php\/academics\/"},"modified":"2023-03-08T16:45:39","modified_gmt":"2023-03-08T16:45:39","slug":"services","status":"publish","type":"page","link":"https:\/\/chokairilawfirm.com\/index.php\/services\/","title":{"rendered":"services"},"content":{"rendered":"\t\t<div data-elementor-type=\"wp-page\" data-elementor-id=\"153\" class=\"elementor elementor-153\">\n\t\t\t\t\t\t\t\t\t<section class=\"elementor-section elementor-top-section elementor-element elementor-element-ea0ea05 elementor-section-boxed elementor-section-height-default elementor-section-height-default\" data-id=\"ea0ea05\" data-element_type=\"section\" data-settings=\"{&quot;background_background&quot;:&quot;classic&quot;}\">\n\t\t\t\t\t\t<div class=\"elementor-container elementor-column-gap-no\">\n\t\t\t\t\t<div class=\"elementor-column elementor-col-100 elementor-top-column elementor-element elementor-element-85aee06\" data-id=\"85aee06\" data-element_type=\"column\">\n\t\t\t<div class=\"elementor-widget-wrap elementor-element-populated\">\n\t\t\t\t\t\t\t\t<div class=\"elementor-element elementor-element-b34833b elementor-widget elementor-widget-heading\" data-id=\"b34833b\" data-element_type=\"widget\" data-widget_type=\"heading.default\">\n\t\t\t\t<div class=\"elementor-widget-container\">\n\t\t\t<style>\/*! elementor - v3.10.1 - 17-01-2023 *\/\n.elementor-heading-title{padding:0;margin:0;line-height:1}.elementor-widget-heading .elementor-heading-title[class*=elementor-size-]>a{color:inherit;font-size:inherit;line-height:inherit}.elementor-widget-heading .elementor-heading-title.elementor-size-small{font-size:15px}.elementor-widget-heading .elementor-heading-title.elementor-size-medium{font-size:19px}.elementor-widget-heading .elementor-heading-title.elementor-size-large{font-size:29px}.elementor-widget-heading .elementor-heading-title.elementor-size-xl{font-size:39px}.elementor-widget-heading .elementor-heading-title.elementor-size-xxl{font-size:59px}<\/style><h1 class=\"elementor-heading-title elementor-size-default\">Nos services<\/h1>\t\t<\/div>\n\t\t\t\t<\/div>\n\t\t\t\t\t<\/div>\n\t\t<\/div>\n\t\t\t\t\t\t\t<\/div>\n\t\t<\/section>\n\t\t\t\t<section class=\"elementor-section elementor-top-section elementor-element elementor-element-aa45221 elementor-section-boxed elementor-section-height-default elementor-section-height-default\" data-id=\"aa45221\" data-element_type=\"section\" data-settings=\"{&quot;background_background&quot;:&quot;classic&quot;}\">\n\t\t\t\t\t\t<div class=\"elementor-container elementor-column-gap-default\">\n\t\t\t\t\t<div class=\"elementor-column elementor-col-100 elementor-top-column elementor-element elementor-element-00709cf\" data-id=\"00709cf\" data-element_type=\"column\">\n\t\t\t<div class=\"elementor-widget-wrap elementor-element-populated\">\n\t\t\t\t\t\t\t\t<div class=\"elementor-element elementor-element-f5f528b elementor-widget elementor-widget-heading\" data-id=\"f5f528b\" data-element_type=\"widget\" data-widget_type=\"heading.default\">\n\t\t\t\t<div class=\"elementor-widget-container\">\n\t\t\t<h4 class=\"elementor-heading-title elementor-size-default\">Formation<\/h4>\t\t<\/div>\n\t\t\t\t<\/div>\n\t\t\t\t\t<\/div>\n\t\t<\/div>\n\t\t\t\t\t\t\t<\/div>\n\t\t<\/section>\n\t\t\t\t<section class=\"elementor-section elementor-top-section elementor-element elementor-element-0271fcb elementor-section-boxed elementor-section-height-default elementor-section-height-default\" data-id=\"0271fcb\" data-element_type=\"section\">\n\t\t\t\t\t\t<div class=\"elementor-container elementor-column-gap-default\">\n\t\t\t\t\t<div class=\"elementor-column elementor-col-100 elementor-top-column elementor-element elementor-element-d9c529d\" data-id=\"d9c529d\" data-element_type=\"column\">\n\t\t\t<div class=\"elementor-widget-wrap elementor-element-populated\">\n\t\t\t\t\t\t\t\t<div class=\"elementor-element elementor-element-a01f4c9 elementor-widget elementor-widget-text-editor\" data-id=\"a01f4c9\" data-element_type=\"widget\" data-widget_type=\"text-editor.default\">\n\t\t\t\t<div class=\"elementor-widget-container\">\n\t\t\t<style>\/*! elementor - v3.10.1 - 17-01-2023 *\/\n.elementor-widget-text-editor.elementor-drop-cap-view-stacked .elementor-drop-cap{background-color:#818a91;color:#fff}.elementor-widget-text-editor.elementor-drop-cap-view-framed .elementor-drop-cap{color:#818a91;border:3px solid;background-color:transparent}.elementor-widget-text-editor:not(.elementor-drop-cap-view-default) .elementor-drop-cap{margin-top:8px}.elementor-widget-text-editor:not(.elementor-drop-cap-view-default) .elementor-drop-cap-letter{width:1em;height:1em}.elementor-widget-text-editor .elementor-drop-cap{float:left;text-align:center;line-height:1;font-size:50px}.elementor-widget-text-editor .elementor-drop-cap-letter{display:inline-block}<\/style>\t\t\t\t<p>Le Cabinet d\u2019Avocats CHOKAIRI a d\u00e9velopp\u00e9 une activit\u00e9 particuli\u00e8re de formation dans le domaine juridique.<br \/>La double activit\u00e9 th\u00e9orique et pratique du cabinet d\u2019Avocats CHOKAIRI est susceptible d\u2019int\u00e9resser une multitude d\u2019entreprises.<\/p>\t\t\t\t\t\t<\/div>\n\t\t\t\t<\/div>\n\t\t\t\t\t<\/div>\n\t\t<\/div>\n\t\t\t\t\t\t\t<\/div>\n\t\t<\/section>\n\t\t\t\t<section class=\"elementor-section elementor-top-section elementor-element elementor-element-927cf0c elementor-section-boxed elementor-section-height-default elementor-section-height-default\" data-id=\"927cf0c\" data-element_type=\"section\">\n\t\t\t\t\t\t<div class=\"elementor-container elementor-column-gap-default\">\n\t\t\t\t\t<div class=\"elementor-column elementor-col-100 elementor-top-column elementor-element elementor-element-42abb2e\" data-id=\"42abb2e\" data-element_type=\"column\">\n\t\t\t<div class=\"elementor-widget-wrap elementor-element-populated\">\n\t\t\t\t\t\t\t\t<div class=\"elementor-element elementor-element-74eb6c3 elementor-widget elementor-widget-text-editor\" data-id=\"74eb6c3\" data-element_type=\"widget\" data-widget_type=\"text-editor.default\">\n\t\t\t\t<div class=\"elementor-widget-container\">\n\t\t\t\t\t\t\t<p><u>Missions<\/u><\/p>\t\t\t\t\t\t<\/div>\n\t\t\t\t<\/div>\n\t\t\t\t\t<\/div>\n\t\t<\/div>\n\t\t\t\t\t\t\t<\/div>\n\t\t<\/section>\n\t\t\t\t<section class=\"elementor-section elementor-top-section elementor-element elementor-element-58403cb elementor-section-boxed elementor-section-height-default elementor-section-height-default\" data-id=\"58403cb\" data-element_type=\"section\">\n\t\t\t\t\t\t<div class=\"elementor-container elementor-column-gap-default\">\n\t\t\t\t\t<div class=\"elementor-column elementor-col-50 elementor-top-column elementor-element elementor-element-47e4478\" data-id=\"47e4478\" data-element_type=\"column\">\n\t\t\t<div class=\"elementor-widget-wrap elementor-element-populated\">\n\t\t\t\t\t\t\t\t<div class=\"elementor-element elementor-element-988ebe8 elementor-widget elementor-widget-text-editor\" data-id=\"988ebe8\" data-element_type=\"widget\" data-widget_type=\"text-editor.default\">\n\t\t\t\t<div class=\"elementor-widget-container\">\n\t\t\t\t\t\t\t<p>Formation des professionnels et dirigeants des entreprises priv\u00e9es et publiques sur les th\u00e8mes\u00a0:<\/p><ul><li>Responsabilit\u00e9 du dirigeant civile et p\u00e9nale\u00a0;<\/li><li>Responsabilit\u00e9 du banquier\u00a0;<\/li><li>Environnement juridique de l\u2019entreprise\u00a0;<\/li><li>Audit juridique\u00a0;<\/li><li>Op\u00e9rations de r\u00e9organisation\u00a0;<\/li><li>Usage d\u00e9lictueux des moyens de paiement et de financement.<\/li><\/ul>\t\t\t\t\t\t<\/div>\n\t\t\t\t<\/div>\n\t\t\t\t\t<\/div>\n\t\t<\/div>\n\t\t\t\t<div class=\"elementor-column elementor-col-50 elementor-top-column elementor-element elementor-element-e3b2ef1\" data-id=\"e3b2ef1\" data-element_type=\"column\">\n\t\t\t<div class=\"elementor-widget-wrap elementor-element-populated\">\n\t\t\t\t\t\t\t\t<div class=\"elementor-element elementor-element-906c496 elementor-widget elementor-widget-text-editor\" data-id=\"906c496\" data-element_type=\"widget\" data-widget_type=\"text-editor.default\">\n\t\t\t\t<div class=\"elementor-widget-container\">\n\t\t\t\t\t\t\t<p>Diverses formations dispens\u00e9es aux juristes sur les th\u00e8mes\u00a0:<\/p><ul><li>Op\u00e9rations bancaires\u00a0;<\/li><li>Moyens de paiement et de cr\u00e9dit\u00a0;<\/li><li>Finance islamique\u00a0;<\/li><li>Fusions, acquisitions et apports partiels d\u2019actifs\u00a0;<\/li><li>Groupement d\u2019int\u00e9r\u00eat \u00e9conomiques et Holdings.<\/li><\/ul>\t\t\t\t\t\t<\/div>\n\t\t\t\t<\/div>\n\t\t\t\t\t<\/div>\n\t\t<\/div>\n\t\t\t\t\t\t\t<\/div>\n\t\t<\/section>\n\t\t\t\t<section class=\"elementor-section elementor-top-section elementor-element elementor-element-d2916f4 elementor-section-boxed elementor-section-height-default elementor-section-height-default\" data-id=\"d2916f4\" data-element_type=\"section\" data-settings=\"{&quot;background_background&quot;:&quot;classic&quot;}\">\n\t\t\t\t\t\t<div class=\"elementor-container elementor-column-gap-default\">\n\t\t\t\t\t<div class=\"elementor-column elementor-col-100 elementor-top-column elementor-element elementor-element-89fcd56\" data-id=\"89fcd56\" data-element_type=\"column\">\n\t\t\t<div class=\"elementor-widget-wrap elementor-element-populated\">\n\t\t\t\t\t\t\t\t<div class=\"elementor-element elementor-element-a2308fe elementor-widget elementor-widget-heading\" data-id=\"a2308fe\" data-element_type=\"widget\" data-widget_type=\"heading.default\">\n\t\t\t\t<div class=\"elementor-widget-container\">\n\t\t\t<h4 class=\"elementor-heading-title elementor-size-default\">Activit\u00e9s<\/h4>\t\t<\/div>\n\t\t\t\t<\/div>\n\t\t\t\t\t<\/div>\n\t\t<\/div>\n\t\t\t\t\t\t\t<\/div>\n\t\t<\/section>\n\t\t\t\t<section class=\"elementor-section elementor-top-section elementor-element elementor-element-daa339b elementor-section-boxed elementor-section-height-default elementor-section-height-default\" data-id=\"daa339b\" data-element_type=\"section\">\n\t\t\t\t\t\t<div class=\"elementor-container elementor-column-gap-default\">\n\t\t\t\t\t<div class=\"elementor-column elementor-col-50 elementor-top-column elementor-element elementor-element-2d1bf9f\" data-id=\"2d1bf9f\" data-element_type=\"column\">\n\t\t\t<div class=\"elementor-widget-wrap elementor-element-populated\">\n\t\t\t\t\t\t\t\t<div class=\"elementor-element elementor-element-31deef7 elementor-widget elementor-widget-text-editor\" data-id=\"31deef7\" data-element_type=\"widget\" data-widget_type=\"text-editor.default\">\n\t\t\t\t<div class=\"elementor-widget-container\">\n\t\t\t\t\t\t\t<p>Nous concentrons notre expertise autour de cinq secteurs\u00a0:<\/p><ul><li>Etablissements de cr\u00e9dit\u00a0;<\/li><li>Assurances et services financiers\u00a0;<\/li><li>Distribution \u2013 Consommation\u00a0;<\/li><li>Industrie\u00a0;<\/li><li>Secteur Public.<\/li><\/ul><p>Notre ma\u00eetrise de ses secteurs nous permet de fournir l\u2019assistance et le conseil dans les domaines juridiques suivants\u00a0:<\/p><ul><li>Arbitrage \u2013 M\u00e9diation\u00a0;<\/li><li>Contentieux commercial\u00a0;<\/li><li>Contentieux administratif\u00a0;<\/li><li>Assurance dommages\u00a0;<\/li><li>Droit bancaire\u00a0;<\/li><\/ul>\t\t\t\t\t\t<\/div>\n\t\t\t\t<\/div>\n\t\t\t\t\t<\/div>\n\t\t<\/div>\n\t\t\t\t<div class=\"elementor-column elementor-col-50 elementor-top-column elementor-element elementor-element-3a923b4\" data-id=\"3a923b4\" data-element_type=\"column\">\n\t\t\t<div class=\"elementor-widget-wrap elementor-element-populated\">\n\t\t\t\t\t\t\t\t<div class=\"elementor-element elementor-element-518095a elementor-widget elementor-widget-text-editor\" data-id=\"518095a\" data-element_type=\"widget\" data-widget_type=\"text-editor.default\">\n\t\t\t\t<div class=\"elementor-widget-container\">\n\t\t\t\t\t\t\t<ul><li>Droit du march\u00e9 financier\u00a0;<\/li><li>Droit des soci\u00e9t\u00e9s\u00a0;<\/li><li>Droit d\u2019ing\u00e9nierie financi\u00e8re\u00a0;<\/li><li>Relations individuelles et collectives du travail\u00a0;<\/li><li>Droit de la concurrence\u00a0;<\/li><li>Entreprise en difficult\u00e9\u00a0;<\/li><li>Droit fiscal\u00a0;<\/li><li>Droit de la consommation\u00a0;<\/li><li>Droit d\u2019auteur \/ Propri\u00e9t\u00e9 intellectuelle\u00a0;<\/li><li>Propri\u00e9t\u00e9 industrielle\u00a0;<\/li><li>Droit p\u00e9nal des affaires\u00a0;<\/li><li>Droit public des affaires.<\/li><\/ul>\t\t\t\t\t\t<\/div>\n\t\t\t\t<\/div>\n\t\t\t\t\t<\/div>\n\t\t<\/div>\n\t\t\t\t\t\t\t<\/div>\n\t\t<\/section>\n\t\t\t\t<section class=\"elementor-section elementor-top-section elementor-element elementor-element-1c7ac01 elementor-section-boxed elementor-section-height-default elementor-section-height-default\" data-id=\"1c7ac01\" data-element_type=\"section\" data-settings=\"{&quot;background_background&quot;:&quot;classic&quot;}\">\n\t\t\t\t\t\t<div class=\"elementor-container elementor-column-gap-default\">\n\t\t\t\t\t<div class=\"elementor-column elementor-col-50 elementor-top-column elementor-element elementor-element-999e297\" data-id=\"999e297\" data-element_type=\"column\">\n\t\t\t<div class=\"elementor-widget-wrap elementor-element-populated\">\n\t\t\t\t\t\t\t\t<div class=\"elementor-element elementor-element-e608ff0 elementor-widget elementor-widget-google_maps\" data-id=\"e608ff0\" data-element_type=\"widget\" data-widget_type=\"google_maps.default\">\n\t\t\t\t<div class=\"elementor-widget-container\">\n\t\t\t<style>\/*! elementor - v3.10.1 - 17-01-2023 *\/\n.elementor-widget-google_maps .elementor-widget-container{overflow:hidden}.elementor-widget-google_maps iframe{height:300px}<\/style>\t\t<div class=\"elementor-custom-embed\">\n\t\t\t<iframe loading=\"lazy\"\n\t\t\t\t\tsrc=\"https:\/\/maps.google.com\/maps?q=Centre%20commercial%20ASWAK%20SALAM%2C%20Route%20Oulad%20Ziane%20casablanca&#038;t=m&#038;z=15&#038;output=embed&#038;iwloc=near\"\n\t\t\t\t\ttitle=\"Centre commercial ASWAK SALAM, Route Oulad Ziane casablanca\"\n\t\t\t\t\taria-label=\"Centre commercial ASWAK SALAM, Route Oulad Ziane casablanca\"\n\t\t\t><\/iframe>\n\t\t<\/div>\n\t\t\t\t<\/div>\n\t\t\t\t<\/div>\n\t\t\t\t\t<\/div>\n\t\t<\/div>\n\t\t\t\t<div class=\"elementor-column elementor-col-50 elementor-top-column elementor-element elementor-element-6666e4f\" data-id=\"6666e4f\" data-element_type=\"column\">\n\t\t\t<div class=\"elementor-widget-wrap elementor-element-populated\">\n\t\t\t\t\t\t\t\t<div class=\"elementor-element elementor-element-b8fed95 elementor-widget elementor-widget-text-editor\" data-id=\"b8fed95\" data-element_type=\"widget\" data-widget_type=\"text-editor.default\">\n\t\t\t\t<div class=\"elementor-widget-container\">\n\t\t\t\t\t\t\t<p>Cabinet d\u2019Avocats CHOKAIRI<\/p><p>Centre commercial ASWAK SALAM, Route Oulad Ziane<\/p><p>Immeuble N \u2013 Etage 6 Bureau n\u00b0 10 Casablanca \u2013 Maroc<\/p><p>T\u00e9l.\u00a0: +212 5 22 287 411<\/p><p>Mobil\u00a0: +212 662 278 222<\/p><p>Courriel : contact@chokairilawfirm.com<\/p>\t\t\t\t\t\t<\/div>\n\t\t\t\t<\/div>\n\t\t\t\t\t<\/div>\n\t\t<\/div>\n\t\t\t\t\t\t\t<\/div>\n\t\t<\/section>\n\t\t\t\t\t\t\t<\/div>\n\t\t","protected":false},"excerpt":{"rendered":"<p>Nos services Formation Le Cabinet d\u2019Avocats CHOKAIRI a d\u00e9velopp\u00e9 une activit\u00e9 particuli\u00e8re de formation dans le domaine juridique.La double activit\u00e9 th\u00e9orique et pratique du cabinet d\u2019Avocats CHOKAIRI est susceptible d\u2019int\u00e9resser une multitude d\u2019entreprises. Missions Formation des professionnels et dirigeants des entreprises priv\u00e9es et publiques sur les th\u00e8mes\u00a0: Responsabilit\u00e9 du dirigeant civile et p\u00e9nale\u00a0; Responsabilit\u00e9 du &hellip;<\/p>\n<p class=\"read-more\"> <a class=\"\" href=\"https:\/\/chokairilawfirm.com\/index.php\/services\/\"> <span class=\"screen-reader-text\">services<\/span> Read More &raquo;<\/a><\/p>\n","protected":false},"author":1,"featured_media":0,"parent":0,"menu_order":0,"comment_status":"closed","ping_status":"closed","template":"","meta":{"site-sidebar-layout":"no-sidebar","site-content-layout":"page-builder","ast-global-header-display":"","ast-main-header-display":"","ast-hfb-above-header-display":"","ast-hfb-below-header-display":"","ast-hfb-mobile-header-display":"","site-post-title":"disabled","ast-breadcrumbs-content":"disabled","ast-featured-img":"disabled","footer-sml-layout":"","theme-transparent-header-meta":"default","adv-header-id-meta":"","stick-header-meta":"","header-above-stick-meta":"","header-main-stick-meta":"","header-below-stick-meta":"","footnotes":""},"class_list":["post-153","page","type-page","status-publish","hentry"],"_links":{"self":[{"href":"https:\/\/chokairilawfirm.com\/index.php\/wp-json\/wp\/v2\/pages\/153","targetHints":{"allow":["GET"]}}],"collection":[{"href":"https:\/\/chokairilawfirm.com\/index.php\/wp-json\/wp\/v2\/pages"}],"about":[{"href":"https:\/\/chokairilawfirm.com\/index.php\/wp-json\/wp\/v2\/types\/page"}],"author":[{"embeddable":true,"href":"https:\/\/chokairilawfirm.com\/index.php\/wp-json\/wp\/v2\/users\/1"}],"replies":[{"embeddable":true,"href":"https:\/\/chokairilawfirm.com\/index.php\/wp-json\/wp\/v2\/comments?post=153"}],"version-history":[{"count":56,"href":"https:\/\/chokairilawfirm.com\/index.php\/wp-json\/wp\/v2\/pages\/153\/revisions"}],"predecessor-version":[{"id":881,"href":"https:\/\/chokairilawfirm.com\/index.php\/wp-json\/wp\/v2\/pages\/153\/revisions\/881"}],"wp:attachment":[{"href":"https:\/\/chokairilawfirm.com\/index.php\/wp-json\/wp\/v2\/media?parent=153"}],"curies":[{"name":"wp","href":"https:\/\/api.w.org\/{rel}","templated":true}]}}