{"id":152,"date":"2021-05-18T01:54:43","date_gmt":"2021-05-18T01:54:43","guid":{"rendered":"http:\/\/chokairilawfirm.com\/index.php\/about\/"},"modified":"2023-03-08T16:44:05","modified_gmt":"2023-03-08T16:44:05","slug":"cabinet","status":"publish","type":"page","link":"https:\/\/chokairilawfirm.com\/index.php\/cabinet\/","title":{"rendered":"cabinet"},"content":{"rendered":"\t\t<div data-elementor-type=\"wp-page\" data-elementor-id=\"152\" class=\"elementor elementor-152\">\n\t\t\t\t\t\t\t\t\t<section class=\"elementor-section elementor-top-section elementor-element elementor-element-e98de3a elementor-section-boxed elementor-section-height-default elementor-section-height-default\" data-id=\"e98de3a\" data-element_type=\"section\">\n\t\t\t\t\t\t<div class=\"elementor-container elementor-column-gap-default\">\n\t\t\t\t\t<div class=\"elementor-column elementor-col-100 elementor-top-column elementor-element elementor-element-0daca82\" data-id=\"0daca82\" data-element_type=\"column\">\n\t\t\t<div class=\"elementor-widget-wrap elementor-element-populated\">\n\t\t\t\t\t\t\t\t<div class=\"elementor-element elementor-element-a8ac85f elementor-widget elementor-widget-image\" data-id=\"a8ac85f\" data-element_type=\"widget\" data-widget_type=\"image.default\">\n\t\t\t\t<div class=\"elementor-widget-container\">\n\t\t\t<style>\/*! elementor - v3.10.1 - 17-01-2023 *\/\n.elementor-widget-image{text-align:center}.elementor-widget-image a{display:inline-block}.elementor-widget-image a img[src$=\".svg\"]{width:48px}.elementor-widget-image img{vertical-align:middle;display:inline-block}<\/style>\t\t\t\t\t\t\t\t\t\t\t\t<img loading=\"lazy\" decoding=\"async\" width=\"1024\" height=\"576\" src=\"https:\/\/chokairilawfirm.com\/wp-content\/uploads\/2023\/01\/lawfirm-1024x576.jpg\" class=\"attachment-large size-large wp-image-718\" alt=\"\" srcset=\"https:\/\/chokairilawfirm.com\/wp-content\/uploads\/2023\/01\/lawfirm-1024x576.jpg 1024w, https:\/\/chokairilawfirm.com\/wp-content\/uploads\/2023\/01\/lawfirm-300x169.jpg 300w, https:\/\/chokairilawfirm.com\/wp-content\/uploads\/2023\/01\/lawfirm-768x432.jpg 768w, https:\/\/chokairilawfirm.com\/wp-content\/uploads\/2023\/01\/lawfirm.jpg 1536w\" sizes=\"auto, (max-width: 1024px) 100vw, 1024px\" \/>\t\t\t\t\t\t\t\t\t\t\t\t\t\t\t<\/div>\n\t\t\t\t<\/div>\n\t\t\t\t\t<\/div>\n\t\t<\/div>\n\t\t\t\t\t\t\t<\/div>\n\t\t<\/section>\n\t\t\t\t<section class=\"elementor-section elementor-top-section elementor-element elementor-element-91f946c elementor-section-boxed elementor-section-height-default elementor-section-height-default\" data-id=\"91f946c\" data-element_type=\"section\">\n\t\t\t\t\t\t<div class=\"elementor-container elementor-column-gap-default\">\n\t\t\t\t\t<div class=\"elementor-column elementor-col-100 elementor-top-column elementor-element elementor-element-9d5a39f\" data-id=\"9d5a39f\" data-element_type=\"column\">\n\t\t\t<div class=\"elementor-widget-wrap elementor-element-populated\">\n\t\t\t\t\t\t\t\t<div class=\"elementor-element elementor-element-2089cd3 elementor-widget elementor-widget-text-editor\" data-id=\"2089cd3\" data-element_type=\"widget\" data-widget_type=\"text-editor.default\">\n\t\t\t\t<div class=\"elementor-widget-container\">\n\t\t\t<style>\/*! elementor - v3.10.1 - 17-01-2023 *\/\n.elementor-widget-text-editor.elementor-drop-cap-view-stacked .elementor-drop-cap{background-color:#818a91;color:#fff}.elementor-widget-text-editor.elementor-drop-cap-view-framed .elementor-drop-cap{color:#818a91;border:3px solid;background-color:transparent}.elementor-widget-text-editor:not(.elementor-drop-cap-view-default) .elementor-drop-cap{margin-top:8px}.elementor-widget-text-editor:not(.elementor-drop-cap-view-default) .elementor-drop-cap-letter{width:1em;height:1em}.elementor-widget-text-editor .elementor-drop-cap{float:left;text-align:center;line-height:1;font-size:50px}.elementor-widget-text-editor .elementor-drop-cap-letter{display:inline-block}<\/style>\t\t\t\t<p>Fond\u00e9 depuis plus de 14 ans, le Cabinet d\u2019Avocats CHOKAIRI intervient dans divers domaines du droit de l\u2019entreprise et des affaires, aussi bien en mati\u00e8re de Conseil et de r\u00e9daction d\u2019actes juridiques que de contentieux.<br \/>Le Cabinet accompagne ses clients dans les proc\u00e9dures contentieuses, mais \u00e9galement celles d\u2019arbitrages et de m\u00e9diation.<\/p><p>Le Cabinet d\u2019Avocats CHOKAIRI a pour objectif de fournir des r\u00e9ponses pragmatiques, op\u00e9rationnelles et diligentes. Il travail aussi bien en langue arabe qu\u2019en fran\u00e7ais et a mis en place des collaborations avec des Cabinets d\u2019Avocats au Maroc et \u00e0 l\u2019\u00e9tranger.<\/p><p>Aussi et compte tenu des r\u00e8gles d\u00e9ontologiques de la profession, le Cabinet assure \u00e0 ses clients le secret professionnel le plus absolu et la confidentialit\u00e9 des n\u00e9gociations.<\/p><p>Respectant la transparence des relations financi\u00e8res du client, le Cabinet d\u2019Avocats CHOKAIRI propose une facturation adapt\u00e9e dans le cadre d\u2019une convention d\u2019honoraires d\u00fbment et pr\u00e9alablement expos\u00e9e.<\/p>\t\t\t\t\t\t<\/div>\n\t\t\t\t<\/div>\n\t\t\t\t\t<\/div>\n\t\t<\/div>\n\t\t\t\t\t\t\t<\/div>\n\t\t<\/section>\n\t\t\t\t<section class=\"elementor-section elementor-top-section elementor-element elementor-element-f67deb0 elementor-section-boxed elementor-section-height-default elementor-section-height-default\" data-id=\"f67deb0\" data-element_type=\"section\">\n\t\t\t\t\t\t<div class=\"elementor-container elementor-column-gap-default\">\n\t\t\t\t\t<div class=\"elementor-column elementor-col-100 elementor-top-column elementor-element elementor-element-694941a\" data-id=\"694941a\" data-element_type=\"column\">\n\t\t\t<div class=\"elementor-widget-wrap elementor-element-populated\">\n\t\t\t\t\t\t\t\t<div class=\"elementor-element elementor-element-ecb57f7 elementor-widget elementor-widget-heading\" data-id=\"ecb57f7\" data-element_type=\"widget\" data-widget_type=\"heading.default\">\n\t\t\t\t<div class=\"elementor-widget-container\">\n\t\t\t<style>\/*! elementor - v3.10.1 - 17-01-2023 *\/\n.elementor-heading-title{padding:0;margin:0;line-height:1}.elementor-widget-heading .elementor-heading-title[class*=elementor-size-]>a{color:inherit;font-size:inherit;line-height:inherit}.elementor-widget-heading .elementor-heading-title.elementor-size-small{font-size:15px}.elementor-widget-heading .elementor-heading-title.elementor-size-medium{font-size:19px}.elementor-widget-heading .elementor-heading-title.elementor-size-large{font-size:29px}.elementor-widget-heading .elementor-heading-title.elementor-size-xl{font-size:39px}.elementor-widget-heading .elementor-heading-title.elementor-size-xxl{font-size:59px}<\/style><h5 class=\"elementor-heading-title elementor-size-default\">Expertise<\/h5>\t\t<\/div>\n\t\t\t\t<\/div>\n\t\t\t\t\t<\/div>\n\t\t<\/div>\n\t\t\t\t\t\t\t<\/div>\n\t\t<\/section>\n\t\t\t\t<section class=\"elementor-section elementor-top-section elementor-element elementor-element-f18f4fd elementor-section-boxed elementor-section-height-default elementor-section-height-default\" data-id=\"f18f4fd\" data-element_type=\"section\">\n\t\t\t\t\t\t<div class=\"elementor-container elementor-column-gap-default\">\n\t\t\t\t\t<div class=\"elementor-column elementor-col-33 elementor-top-column elementor-element elementor-element-9d90898\" data-id=\"9d90898\" data-element_type=\"column\">\n\t\t\t<div class=\"elementor-widget-wrap elementor-element-populated\">\n\t\t\t\t\t\t\t\t<div class=\"elementor-element elementor-element-f54ba55 elementor-widget elementor-widget-text-editor\" data-id=\"f54ba55\" data-element_type=\"widget\" data-widget_type=\"text-editor.default\">\n\t\t\t\t<div class=\"elementor-widget-container\">\n\t\t\t\t\t\t\t<p>\u2013 Arbitrage &amp; M\u00e9diation<br \/>\u2013 Banque &amp; Finance<br \/>\u2013 Ing\u00e9nierie financi\u00e8re<br \/>\u2013 Ing\u00e9nierie Contractuelle<br \/>\u2013 Concurrence<\/p>\t\t\t\t\t\t<\/div>\n\t\t\t\t<\/div>\n\t\t\t\t\t<\/div>\n\t\t<\/div>\n\t\t\t\t<div class=\"elementor-column elementor-col-33 elementor-top-column elementor-element elementor-element-1da3305\" data-id=\"1da3305\" data-element_type=\"column\">\n\t\t\t<div class=\"elementor-widget-wrap elementor-element-populated\">\n\t\t\t\t\t\t\t\t<div class=\"elementor-element elementor-element-67cc288 elementor-widget elementor-widget-text-editor\" data-id=\"67cc288\" data-element_type=\"widget\" data-widget_type=\"text-editor.default\">\n\t\t\t\t<div class=\"elementor-widget-container\">\n\t\t\t\t\t\t\t<p>\u2013 Structures soci\u00e9taires<br \/>\u2013 Propri\u00e9t\u00e9 Industrielle<br \/>\u2013 Propri\u00e9t\u00e9 Intellectuelle<br \/>\u2013 Commerce international<br \/>\u2013 Social<\/p>\t\t\t\t\t\t<\/div>\n\t\t\t\t<\/div>\n\t\t\t\t\t<\/div>\n\t\t<\/div>\n\t\t\t\t<div class=\"elementor-column elementor-col-33 elementor-top-column elementor-element elementor-element-4043ee0\" data-id=\"4043ee0\" data-element_type=\"column\">\n\t\t\t<div class=\"elementor-widget-wrap elementor-element-populated\">\n\t\t\t\t\t\t\t\t<div class=\"elementor-element elementor-element-d9a189b elementor-widget elementor-widget-text-editor\" data-id=\"d9a189b\" data-element_type=\"widget\" data-widget_type=\"text-editor.default\">\n\t\t\t\t<div class=\"elementor-widget-container\">\n\t\t\t\t\t\t\t<p>\u2013 March\u00e9s publics<br \/>\u2013 Fiscalit\u00e9s<br \/>\u2013 P\u00e9nal des affaires<\/p>\t\t\t\t\t\t<\/div>\n\t\t\t\t<\/div>\n\t\t\t\t\t<\/div>\n\t\t<\/div>\n\t\t\t\t\t\t\t<\/div>\n\t\t<\/section>\n\t\t\t\t<section class=\"elementor-section elementor-top-section elementor-element elementor-element-4784e36 elementor-section-boxed elementor-section-height-default elementor-section-height-default\" data-id=\"4784e36\" data-element_type=\"section\" data-settings=\"{&quot;background_background&quot;:&quot;classic&quot;}\">\n\t\t\t\t\t\t<div class=\"elementor-container elementor-column-gap-no\">\n\t\t\t\t\t<div class=\"elementor-column elementor-col-100 elementor-top-column elementor-element elementor-element-66dba7e\" data-id=\"66dba7e\" data-element_type=\"column\">\n\t\t\t<div class=\"elementor-widget-wrap elementor-element-populated\">\n\t\t\t\t\t\t\t\t<div class=\"elementor-element elementor-element-08b911b elementor-widget elementor-widget-heading\" data-id=\"08b911b\" data-element_type=\"widget\" data-widget_type=\"heading.default\">\n\t\t\t\t<div class=\"elementor-widget-container\">\n\t\t\t<h6 class=\"elementor-heading-title elementor-size-default\">Nos chiffres cl\u00e9s<\/h6>\t\t<\/div>\n\t\t\t\t<\/div>\n\t\t\t\t<div class=\"elementor-element elementor-element-7d1ee46 elementor-widget__width-initial elementor-widget-mobile__width-initial elementor-widget elementor-widget-counter\" data-id=\"7d1ee46\" data-element_type=\"widget\" data-widget_type=\"counter.default\">\n\t\t\t\t<div class=\"elementor-widget-container\">\n\t\t\t<style>\/*! elementor - v3.10.1 - 17-01-2023 *\/\n.elementor-counter .elementor-counter-number-wrapper{display:flex;font-size:69px;font-weight:600;line-height:1}.elementor-counter .elementor-counter-number-prefix,.elementor-counter .elementor-counter-number-suffix{flex-grow:1;white-space:pre-wrap}.elementor-counter .elementor-counter-number-prefix{text-align:right}.elementor-counter .elementor-counter-number-suffix{text-align:left}.elementor-counter .elementor-counter-title{text-align:center;font-size:19px;font-weight:400;line-height:2.5}<\/style>\t\t<div class=\"elementor-counter\">\n\t\t\t<div class=\"elementor-counter-number-wrapper\">\n\t\t\t\t<span class=\"elementor-counter-number-prefix\"><\/span>\n\t\t\t\t<span class=\"elementor-counter-number\" data-duration=\"2000\" data-to-value=\"2008\" data-from-value=\"0\">0<\/span>\n\t\t\t\t<span class=\"elementor-counter-number-suffix\"><\/span>\n\t\t\t<\/div>\n\t\t\t\t\t\t\t<div class=\"elementor-counter-title\">date cr\u00e9ation<\/div>\n\t\t\t\t\t<\/div>\n\t\t\t\t<\/div>\n\t\t\t\t<\/div>\n\t\t\t\t<div class=\"elementor-element elementor-element-534c349 elementor-widget__width-initial elementor-widget-mobile__width-initial elementor-widget elementor-widget-counter\" data-id=\"534c349\" data-element_type=\"widget\" data-widget_type=\"counter.default\">\n\t\t\t\t<div class=\"elementor-widget-container\">\n\t\t\t\t\t<div class=\"elementor-counter\">\n\t\t\t<div class=\"elementor-counter-number-wrapper\">\n\t\t\t\t<span class=\"elementor-counter-number-prefix\"><\/span>\n\t\t\t\t<span class=\"elementor-counter-number\" data-duration=\"2000\" data-to-value=\"14\" data-from-value=\"0\">0<\/span>\n\t\t\t\t<span class=\"elementor-counter-number-suffix\"><\/span>\n\t\t\t<\/div>\n\t\t\t\t\t\t\t<div class=\"elementor-counter-title\">ans d'exp\u00e9riences<\/div>\n\t\t\t\t\t<\/div>\n\t\t\t\t<\/div>\n\t\t\t\t<\/div>\n\t\t\t\t\t<\/div>\n\t\t<\/div>\n\t\t\t\t\t\t\t<\/div>\n\t\t<\/section>\n\t\t\t\t<section class=\"elementor-section elementor-top-section elementor-element elementor-element-6ffaf92 elementor-section-boxed elementor-section-height-default elementor-section-height-default\" data-id=\"6ffaf92\" data-element_type=\"section\" data-settings=\"{&quot;background_background&quot;:&quot;classic&quot;}\">\n\t\t\t\t\t\t<div class=\"elementor-container elementor-column-gap-default\">\n\t\t\t\t\t<div class=\"elementor-column elementor-col-50 elementor-top-column elementor-element elementor-element-0c9401d\" data-id=\"0c9401d\" data-element_type=\"column\">\n\t\t\t<div class=\"elementor-widget-wrap elementor-element-populated\">\n\t\t\t\t\t\t\t\t<div class=\"elementor-element elementor-element-77ce77b elementor-widget elementor-widget-google_maps\" data-id=\"77ce77b\" data-element_type=\"widget\" data-widget_type=\"google_maps.default\">\n\t\t\t\t<div class=\"elementor-widget-container\">\n\t\t\t<style>\/*! elementor - v3.10.1 - 17-01-2023 *\/\n.elementor-widget-google_maps .elementor-widget-container{overflow:hidden}.elementor-widget-google_maps iframe{height:300px}<\/style>\t\t<div class=\"elementor-custom-embed\">\n\t\t\t<iframe loading=\"lazy\"\n\t\t\t\t\tsrc=\"https:\/\/maps.google.com\/maps?q=Cabinet%20d%E2%80%99Avocats%20CHOKAIRI%20%20Centre%20commercial%20ASWAK%20SALAM%2C%20Route%20Oulad%20Ziane%20Casablanca&#038;t=m&#038;z=15&#038;output=embed&#038;iwloc=near\"\n\t\t\t\t\ttitle=\"Cabinet d\u2019Avocats CHOKAIRI  Centre commercial ASWAK SALAM, Route Oulad Ziane Casablanca\"\n\t\t\t\t\taria-label=\"Cabinet d\u2019Avocats CHOKAIRI  Centre commercial ASWAK SALAM, Route Oulad Ziane Casablanca\"\n\t\t\t><\/iframe>\n\t\t<\/div>\n\t\t\t\t<\/div>\n\t\t\t\t<\/div>\n\t\t\t\t\t<\/div>\n\t\t<\/div>\n\t\t\t\t<div class=\"elementor-column elementor-col-50 elementor-top-column elementor-element elementor-element-02dbfed\" data-id=\"02dbfed\" data-element_type=\"column\">\n\t\t\t<div class=\"elementor-widget-wrap elementor-element-populated\">\n\t\t\t\t\t\t\t\t<div class=\"elementor-element elementor-element-04d3e29 elementor-widget elementor-widget-text-editor\" data-id=\"04d3e29\" data-element_type=\"widget\" data-widget_type=\"text-editor.default\">\n\t\t\t\t<div class=\"elementor-widget-container\">\n\t\t\t\t\t\t\t<p>Cabinet d\u2019Avocats CHOKAIRI<\/p><p>Centre commercial ASWAK SALAM, Route Oulad Ziane<\/p><p>Immeuble N \u2013 Etage 6 Bureau n\u00b0 10 Casablanca \u2013 Maroc<\/p><p>T\u00e9l.\u00a0: +212 5 22 287 411<\/p><p>Mobil\u00a0: +212 662 278 222<\/p><p>Courriel : contact@chokairilawfirm.com<\/p>\t\t\t\t\t\t<\/div>\n\t\t\t\t<\/div>\n\t\t\t\t\t<\/div>\n\t\t<\/div>\n\t\t\t\t\t\t\t<\/div>\n\t\t<\/section>\n\t\t\t\t\t\t\t<\/div>\n\t\t","protected":false},"excerpt":{"rendered":"<p>Fond\u00e9 depuis plus de 14 ans, le Cabinet d\u2019Avocats CHOKAIRI intervient dans divers domaines du droit de l\u2019entreprise et des affaires, aussi bien en mati\u00e8re de Conseil et de r\u00e9daction d\u2019actes juridiques que de contentieux.Le Cabinet accompagne ses clients dans les proc\u00e9dures contentieuses, mais \u00e9galement celles d\u2019arbitrages et de m\u00e9diation. Le Cabinet d\u2019Avocats CHOKAIRI a &hellip;<\/p>\n<p class=\"read-more\"> <a class=\"\" href=\"https:\/\/chokairilawfirm.com\/index.php\/cabinet\/\"> <span class=\"screen-reader-text\">cabinet<\/span> Read More &raquo;<\/a><\/p>\n","protected":false},"author":1,"featured_media":0,"parent":0,"menu_order":0,"comment_status":"closed","ping_status":"closed","template":"","meta":{"site-sidebar-layout":"no-sidebar","site-content-layout":"page-builder","ast-global-header-display":"","ast-main-header-display":"","ast-hfb-above-header-display":"","ast-hfb-below-header-display":"","ast-hfb-mobile-header-display":"","site-post-title":"disabled","ast-breadcrumbs-content":"disabled","ast-featured-img":"disabled","footer-sml-layout":"","theme-transparent-header-meta":"default","adv-header-id-meta":"","stick-header-meta":"","header-above-stick-meta":"","header-main-stick-meta":"","header-below-stick-meta":"","footnotes":""},"class_list":["post-152","page","type-page","status-publish","hentry"],"_links":{"self":[{"href":"https:\/\/chokairilawfirm.com\/index.php\/wp-json\/wp\/v2\/pages\/152","targetHints":{"allow":["GET"]}}],"collection":[{"href":"https:\/\/chokairilawfirm.com\/index.php\/wp-json\/wp\/v2\/pages"}],"about":[{"href":"https:\/\/chokairilawfirm.com\/index.php\/wp-json\/wp\/v2\/types\/page"}],"author":[{"embeddable":true,"href":"https:\/\/chokairilawfirm.com\/index.php\/wp-json\/wp\/v2\/users\/1"}],"replies":[{"embeddable":true,"href":"https:\/\/chokairilawfirm.com\/index.php\/wp-json\/wp\/v2\/comments?post=152"}],"version-history":[{"count":53,"href":"https:\/\/chokairilawfirm.com\/index.php\/wp-json\/wp\/v2\/pages\/152\/revisions"}],"predecessor-version":[{"id":875,"href":"https:\/\/chokairilawfirm.com\/index.php\/wp-json\/wp\/v2\/pages\/152\/revisions\/875"}],"wp:attachment":[{"href":"https:\/\/chokairilawfirm.com\/index.php\/wp-json\/wp\/v2\/media?parent=152"}],"curies":[{"name":"wp","href":"https:\/\/api.w.org\/{rel}","templated":true}]}}